{"id":153,"date":"2015-12-11T23:34:06","date_gmt":"2015-12-11T22:34:06","guid":{"rendered":"http:\/\/leonka.hu\/receptek\/?page_id=153"},"modified":"2015-12-11T23:41:03","modified_gmt":"2015-12-11T22:41:03","slug":"cikk-feltoltes","status":"publish","type":"page","link":"https:\/\/leonka.hu\/receptek\/cikk-feltoltes\/","title":{"rendered":"Cikk felt\u00f6lt\u00e9s"},"content":{"rendered":"\n            <form class=\"wpuf-form-add wpuf-form-layout1 wpuf-style\" action=\"\" method=\"post\">\n\n                \n                <script type=\"text\/javascript\">\n                    if ( typeof wpuf_conditional_items === 'undefined' ) {\n                        wpuf_conditional_items = [];\n                    }\n\n                    if ( typeof wpuf_plupload_items === 'undefined' ) {\n                        wpuf_plupload_items = [];\n                    }\n\n                    if ( typeof wpuf_map_items === 'undefined' ) {\n                        wpuf_map_items = [];\n                    }\n                <\/script>\n\n                <ul class=\"wpuf-form form-label-left\">\n\n                            <li class=\"wpuf-el post_title\" data-label=\"Cikk c\u00edme\">\n                    <div class=\"wpuf-label\">\n            <label for=\"post_title_144\">\n                Cikk c\u00edme <span class=\"required\">*<\/span>            <\/label>\n        <\/div>\n        \n            <div class=\"wpuf-fields\">\n                <input\n                    class=\"textfield wpuf_post_title_144\"\n                    id=\"post_title_144\"\n                    type=\"text\"\n                    data-duplicate=\"\"\n                    data-required=\"yes\"\n                    data-type=\"text\" name=\"post_title\"\n                    placeholder=\"\"\n                    value=\"\"\n                    size=\"40\"\n                \/>\n\n                <span class=\"wpuf-wordlimit-message wpuf-help\"><\/span>\n                            <\/div>\n                    <\/li>\n                <li class=\"wpuf-el post_content\" data-label=\"Cikk sz\u00f6vege\">\n                    <div class=\"wpuf-label\">\n            <label for=\"post_content_144\">\n                Cikk sz\u00f6vege <span class=\"required\">*<\/span>            <\/label>\n        <\/div>\n        \n                            <div class=\"wpuf-fields wpuf-rich-validation wpuf_post_content_144\" data-type=\"rich\" data-required=\"yes\" data-id=\"post_content_144\" data-name=\"post_content\">\n            \n                                <div id=\"wpuf-insert-image-container\">\n                    <a class=\"wpuf-button wpuf-insert-image\" id=\"wpuf-insert-image_144\" href=\"#\" data-form_id=\"144\">\n                        <span class=\"wpuf-media-icon\"><\/span>\n                            Insert Photo                    <\/a>\n                <\/div>\n\n                <script type=\"text\/javascript\">\n                    ;(function($) {\n                        $(document).ready( function(){\n                            WP_User_Frontend.insertImage('wpuf-insert-image_144', '144');\n                        });\n                    })(jQuery);\n                <\/script>\n                    <div id=\"wp-post_content_144-wrap\" class=\"wp-core-ui wp-editor-wrap tmce-active\"><link rel='stylesheet' id='dashicons-css' href='https:\/\/leonka.hu\/receptek\/wp-includes\/css\/dashicons.min.css?ver=6.9.4' type='text\/css' media='all' \/>\n<link rel='stylesheet' id='editor-buttons-css' href='https:\/\/leonka.hu\/receptek\/wp-includes\/css\/editor.min.css?ver=6.9.4' type='text\/css' media='all' \/>\n<div id=\"wp-post_content_144-editor-container\" class=\"wp-editor-container\"><textarea class=\"required wp-editor-area\" rows=\"20\" autocomplete=\"off\" cols=\"40\" name=\"post_content\" id=\"post_content_144\"><\/textarea><\/div>\n<\/div>\n\n\n                <\/div>\n        <\/li>\n        \n            <li class=\"wpuf-el featured_image\" data-label=\"Kiemelt k\u00e9p\">\n\n                    <div class=\"wpuf-label\">\n            <label for=\"featured_image_144\">\n                Kiemelt k\u00e9p            <\/label>\n        <\/div>\n        \n        <div class=\"wpuf-fields\">\n            <div id=\"wpuf-featured_image-144-upload-container\">\n                <div class=\"wpuf-attachment-upload-filelist\" data-type=\"file\" data-required=\"no\">\n                    <a id=\"wpuf-featured_image-144-pickfiles\" data-form_id=\"144\" class=\"button file-selector  wpuf_featured_image_144\" href=\"#\">Kiemelt k\u00e9p<\/a>\n\n                    <ul class=\"wpuf-attachment-list thumbnails\">\n\n                        \n                    <\/ul>\n                <\/div>\n            <\/div><!-- .container -->\n\n                    <span class=\"wpuf-help\">Ez a k\u00e9p fog megjelenni a cikk c\u00edm\u00e9vel a f\u0151oldalon \u00e9s az aj\u00e1nl\u00f3kban, valamint a cikk oldal\u00e1n fel\u00fcl, a c\u00edm \u00e9s a cikk sz\u00f6vege k\u00f6z\u00f6tt.<\/span>\n        \n        <\/div> <!-- .wpuf-fields -->\n\n        <script type=\"text\/javascript\">\n            ;(function($) {\n                $(document).ready( function(){\n                    var uploader = new WPUF_Uploader('wpuf-featured_image-144-pickfiles', 'wpuf-featured_image-144-upload-container', 1, 'featured_image', 'jpg,jpeg,gif,png,bmp,webp', 1024);\n                    wpuf_plupload_items.push(uploader);\n                });\n            })(jQuery);\n        <\/script>\n\n                <\/li>\n            \n        <li class=\"wpuf-submit\">\n            <div class=\"wpuf-label\">\n                &nbsp;\n            <\/div>\n\n            <input type=\"hidden\" id=\"_wpnonce\" name=\"_wpnonce\" value=\"8d4d2dd0cc\" \/><input type=\"hidden\" name=\"_wp_http_referer\" value=\"\/receptek\/wp-json\/wp\/v2\/pages\/153\" \/>            <input type=\"hidden\" name=\"form_id\" value=\"144\">\n            <input type=\"hidden\" name=\"page_id\" value=\"153\">\n            <input type=\"hidden\" id=\"del_attach\" name=\"delete_attachments[]\">\n            <input type=\"hidden\" name=\"action\" value=\"wpuf_submit_post\">\n\n            \n                            <input type=\"submit\" class=\"wpuf-submit-button wpuf_submit_144\" name=\"submit\" value=\"K\u00fcld\u00e9s\" \/>\n            \n                    <\/li>\n\n        \n                <\/ul>\n\n            <\/form>\n\n            \n","protected":false},"excerpt":{"rendered":"","protected":false},"author":1,"featured_media":0,"parent":0,"menu_order":0,"comment_status":"closed","ping_status":"closed","template":"","meta":{"footnotes":""},"class_list":["post-153","page","type-page","status-publish","hentry"],"_links":{"self":[{"href":"https:\/\/leonka.hu\/receptek\/wp-json\/wp\/v2\/pages\/153","targetHints":{"allow":["GET"]}}],"collection":[{"href":"https:\/\/leonka.hu\/receptek\/wp-json\/wp\/v2\/pages"}],"about":[{"href":"https:\/\/leonka.hu\/receptek\/wp-json\/wp\/v2\/types\/page"}],"author":[{"embeddable":true,"href":"https:\/\/leonka.hu\/receptek\/wp-json\/wp\/v2\/users\/1"}],"replies":[{"embeddable":true,"href":"https:\/\/leonka.hu\/receptek\/wp-json\/wp\/v2\/comments?post=153"}],"version-history":[{"count":5,"href":"https:\/\/leonka.hu\/receptek\/wp-json\/wp\/v2\/pages\/153\/revisions"}],"predecessor-version":[{"id":204,"href":"https:\/\/leonka.hu\/receptek\/wp-json\/wp\/v2\/pages\/153\/revisions\/204"}],"wp:attachment":[{"href":"https:\/\/leonka.hu\/receptek\/wp-json\/wp\/v2\/media?parent=153"}],"curies":[{"name":"wp","href":"https:\/\/api.w.org\/{rel}","templated":true}]}}