{"id":9,"date":"2015-11-28T19:10:22","date_gmt":"2015-11-28T19:10:22","guid":{"rendered":"http:\/\/leonka.hu\/hetimenu\/?page_id=9"},"modified":"2023-03-19T09:26:19","modified_gmt":"2023-03-19T09:26:19","slug":"denis-hotel-es-etterem","status":"publish","type":"page","link":"https:\/\/leonka.hu\/hetimenu\/denis-hotel-es-etterem\/","title":{"rendered":"Denis Panzi\u00f3 \u00e9s \u00c9tterem"},"content":{"rendered":"\n<!--\n Start of web scrap (created by wp-web-scraper)\n Source URL: https:\/\/lentidenis.hu\/heti-menu\/\n Query: .fusion-column-wrapper (cssselector)\n Other options: Array\n(\n    [headers] => \n    [cache] => 10\n    [useragent] => Men\u00fc (https:\/\/leonka.hu\/hetimenu)\n    [timeout] => 6\n    [on_error] => error_show\n    [output] => html\n    [glue] => \n\n    [eq] => \n    [gt] => \n    [lt] => \n    [query_type] => cssselector\n    [remove_query] => \n    [remove_query_type] => cssselector\n    [replace_query] => \n    [replace_query_type] => cssselector\n    [replace_with] => \n    [basehref] => 1\n    [a_target] => \n    [callback_raw] => \n    [callback] => \n    [debug] => 1\n    [charset] => UTF-8\n    [url] => https:\/\/lentidenis.hu\/heti-menu\/\n    [query] => .fusion-column-wrapper\n    [urldecode] => 1\n    [querydecode] => 0\n)\n-->\n<div class=\"fusion-column-wrapper fusion-flex-justify-content-flex-start fusion-content-layout-column\"><div class=\"fusion-text fusion-text-1\" style=\"--awb-text-transform:none;\"><h2>2026. M\u00e1j.11-15-ig<\/h2>\n<h4><em>A men\u00fc \u00e1ra 2 000 Ft<br>\n<\/em><\/h4>\n<\/div>\n<div class=\"table-1\">\n<table width=\"100%\">\n<tbody>\n<tr>\n<td align=\"left\">H\u00e9tf\u0151<\/td>\n<td align=\"left\">Babguly\u00e1s<br>\nGr\u00e1n\u00e1tos kocka<br>\nSavany\u00fas\u00e1g<\/td>\n<\/tr>\n<tr>\n<td align=\"left\">Kedd<\/td>\n<td align=\"left\">Daragaluskaleves<br>\nCig\u00e1nypecsenye t\u00f6rtburgony\u00e1val<br>\nSavany\u00fas\u00e1g<\/td>\n<\/tr>\n<tr>\n<td align=\"left\">Szerda<\/td>\n<td align=\"left\">Raguleves<br>\nLencsef\u0151zel\u00e9k fas\u00edrozottal<br>\nPalacsinta<\/td>\n<\/tr>\n<tr>\n<td align=\"left\">Cs\u00fct\u00f6rt\u00f6k<\/td>\n<td align=\"left\">Fokhagymakr\u00e9mleves<br>\nHet\u00e9si apr\u00f3pecsenye rizzsel<br>\nSavany\u00fas\u00e1g<\/td>\n<\/tr>\n<tr>\n<td align=\"left\">P\u00e9ntek<\/td>\n<td align=\"left\">Z\u00f6lds\u00e9gleves<br>\nMil\u00e1n\u00f3i borda<br>\nM\u00fczli<\/td>\n<\/tr>\n<tr>\n<td align=\"left\">Szombat<\/td>\n<td align=\"left\">Napi aj\u00e1nlatainkkal \u00e9s \u00e9tlapunk aj\u00e1nlat\u00e1val \u00e1llunk rendelkez\u00e9sre!<\/td>\n<\/tr>\n<\/tbody>\n<\/table>\n<\/div>\n<\/div>\n<div class=\"fusion-column-wrapper fusion-flex-justify-content-flex-start fusion-content-layout-column\"><div class=\"fusion-text fusion-text-2\" style=\"--awb-text-transform:none;\"><h2>\u201eMindennapi\u201d aj\u00e1nlat<br>\n(11 \u00f3r\u00e1t\u00f3l 15 \u00f3r\u00e1ig)<\/h2>\n<h3><em>\u00c1ra: 2 500 Ft<br>\n<\/em><\/h3>\n<\/div>\n<div class=\"table-1\">\n<table width=\"100%\">\n<tbody>\n<tr>\n<td align=\"left\">Csontleves<br>\nR\u00e1ntott szelet (sert\u00e9s- vagy csirkeh\u00fasb\u00f3l)<br>\nP\u00e1rolt rizs vagy has\u00e1bburgonya<br>\nSavany\u00fas\u00e1g<\/td>\n<\/tr>\n<tr>\n<td align=\"left\">M\u00e1jgaluskaleves<br>\nR\u00e1ntott sajt tart\u00e1rm\u00e1rt\u00e1ssal<br>\nP\u00e1rolt rizs vagy has\u00e1bburgonya<\/td>\n<\/tr>\n<tr>\n<td align=\"left\">Csontleves<br>\nF\u0171szervajas csirkemellfil\u00e9 vagy karajszelet<br>\nP\u00e1rolt rizs vagy has\u00e1bburgonya<br>\nSavany\u00fas\u00e1g<\/td>\n<\/tr>\n<tr>\n<td align=\"left\">Guly\u00e1sleves<br>\nPalacsinta (t\u00far\u00f3s\/kaka\u00f3s\/csokol\u00e1d\u00e9s\/\u00edzes)<\/td>\n<\/tr>\n<\/tbody>\n<\/table>\n<\/div>\n<\/div>\n<div class=\"fusion-column-wrapper fusion-flex-justify-content-flex-start fusion-content-layout-column\"><\/div>\n<div class=\"fusion-column-wrapper fusion-flex-justify-content-flex-start fusion-content-layout-column\"><\/div>\n<!--\n End of web scrap\n WPWS Cache Control: Cache-hit Transients API\n Computing time: 0.006 seconds\n-->\n\n","protected":false},"excerpt":{"rendered":"","protected":false},"author":1,"featured_media":0,"parent":0,"menu_order":0,"comment_status":"closed","ping_status":"closed","template":"","meta":{"footnotes":""},"class_list":["post-9","page","type-page","status-publish","hentry"],"_links":{"self":[{"href":"https:\/\/leonka.hu\/hetimenu\/wp-json\/wp\/v2\/pages\/9","targetHints":{"allow":["GET"]}}],"collection":[{"href":"https:\/\/leonka.hu\/hetimenu\/wp-json\/wp\/v2\/pages"}],"about":[{"href":"https:\/\/leonka.hu\/hetimenu\/wp-json\/wp\/v2\/types\/page"}],"author":[{"embeddable":true,"href":"https:\/\/leonka.hu\/hetimenu\/wp-json\/wp\/v2\/users\/1"}],"replies":[{"embeddable":true,"href":"https:\/\/leonka.hu\/hetimenu\/wp-json\/wp\/v2\/comments?post=9"}],"version-history":[{"count":2,"href":"https:\/\/leonka.hu\/hetimenu\/wp-json\/wp\/v2\/pages\/9\/revisions"}],"predecessor-version":[{"id":1607,"href":"https:\/\/leonka.hu\/hetimenu\/wp-json\/wp\/v2\/pages\/9\/revisions\/1607"}],"wp:attachment":[{"href":"https:\/\/leonka.hu\/hetimenu\/wp-json\/wp\/v2\/media?parent=9"}],"curies":[{"name":"wp","href":"https:\/\/api.w.org\/{rel}","templated":true}]}}