{"id":62,"date":"2015-11-30T14:21:18","date_gmt":"2015-11-30T14:21:18","guid":{"rendered":"http:\/\/leonka.hu\/hetimenu\/?page_id=62"},"modified":"2026-05-11T11:50:54","modified_gmt":"2026-05-11T11:50:54","slug":"dallas-etterem","status":"publish","type":"page","link":"https:\/\/leonka.hu\/hetimenu\/dallas-etterem\/","title":{"rendered":"Dallas \u00c9tterem"},"content":{"rendered":"<p style=\"text-align: left\"><strong>\u00a0 <\/strong><strong>\u00a0M\u00e1jus 11 &#8211; t\u00f3l<\/strong><strong>\u00a0 &#8212;\u00a0 M\u00e1jus 15\u00a0 <\/strong><strong>&#8211; ig\u00a0 \u00a0 \u00a0 \u00a0 \u00a0 \u00a0 \u00a0 \u00a0 \u00a0 \u00a0 \u00a0 \u00a0 \u00a0 \u00a0 \u00a0<\/strong><strong>RENDEL\u00c9S : Tel : \u00a0+3692\/351738\u00a0 \u00a0 \u00a0 \u00a0 \u00a0 \u00a0 \u00a0 \u00a0 \u00a0 \u00a0 \u00a0 \u00a0 \u00a0 \u00a0 \u00a0 \u00a0HELYBEN\u00a0<\/strong><strong>FOGYASZT\u00c1S\u00a0 :\u00a0 \u00a0 \u00a0 \u00a0 \u00a0 \u00a0 \u00a0 \u00a0 \u00a0 \u00a0 \u00a0 \u00a0 \u00a0 \u00a0 \u00a0 \u00a0 \u00a0 \u00a0 \u00a0 \u00a0 \u00a0 \u00a0 \u00a0 \u00a0H\u00e9tf\u0151\u00a0 &#8211;\u00a0 P\u00e9ntek :\u00a0<\/strong><strong>\u00a011 &#8211; 30 t\u00f3l &#8211; 14 &#8211; ig\u00a0 \u00a0 \u00a0 \u00a0 \u00a0 \u00a0 \u00a0 \u00a0 \u00a0 \u00a0 \u00a0 \u00a0 \u00a0 \u00a0 \u00a0\u00a0<\/strong><strong>\u00a0<\/strong><strong>KISZ\u00c1LL\u00cdT\u00c1S :\u00a0 \u00a0 \u00a0 \u00a0 \u00a0 \u00a0 \u00a0 \u00a0 \u00a0 \u00a0 \u00a0 \u00a0 \u00a0 \u00a0 \u00a0 \u00a0 \u00a0 \u00a0 \u00a0 \u00a0 \u00a0 \u00a0 \u00a0 \u00a0 \u00a0 \u00a0H\u00e9tf\u0151t\u0151l &#8211; Cs\u00fct\u00f6rt\u00f6kig :\u00a0 \u00a0 11 &#8211; t\u0151l &#8211; 15.30 &#8211; ig.\u00a0 \u00a0 \u00a0 \u00a0 \u00a0 \u00a0 \u00a0 \u00a0 \u00a0 \u00a0 \u00a0 \u00a0 \u00a0 \u00a0P\u00e9nteken : 11 &#8211; t\u0151l &#8211; 19.30 &#8211; ig.\u00a0 \u00a0 \u00a0 \u00a0 \u00a0 \u00a0 \u00a0 \u00a0 \u00a0 \u00a0 \u00a0 \u00a0 \u00a0 \u00a0 \u00a0 \u00a0 \u00a0 \u00a0 SZOMBAT\u00a0 &#8211;\u00a0\u00a0<\/strong><strong>VAS\u00c1RNAP\u00a0 :\u00a0 Z\u00c1RVA !!!\u00a0 \u00a0 \u00a0<\/strong><strong>\u00a0<\/strong><\/p>\n<p><strong>H\u00e9tf\u0151\u00a0<\/strong><\/p>\n<p><strong>a . Frankfurti leves, Bolognai spagetti .<\/strong>\u00a0<strong>1900 ft. Doboz + 200 ft<\/strong><\/p>\n<p><strong>Kedd<\/strong><\/p>\n<p><strong>a<\/strong>\u00a0<strong>. Paradicsom leves, Zalai finom falatok &#8211; rizs &#8211; fejes sal\u00e1ta\u00a0 . 1900 ft.\u00a0<\/strong><\/p>\n<p><strong>Szerda<\/strong><\/p>\n<p><strong>\u00a0a .\u00a0 Cs\u00fclk\u00f6s bab leves, vagy Z\u00f6ldbab f\u0151zel\u00e9k &#8211; p\u00f6rk\u00f6lttel, Krumplis t\u00e9szta &#8211; savany\u00fa . 1900 ft.\u00a0\u00a0<\/strong><\/p>\n<p><strong>Cs\u00fct\u00f6rt\u00f6k<\/strong><\/p>\n<p><strong>a . H\u00fasgomb\u00f3c leves, Bakonyi kocka &#8211; tarhonya vagy Z\u00f6ldbors\u00f3s tok\u00e1ny &#8211; tarhonya\u00a0 .<\/strong>\u00a0<strong>1900 ft.\u00a0\u00a0<\/strong><\/p>\n<p><strong>P\u00e9ntek<\/strong><\/p>\n<p><strong>a . S\u00e1rgabors\u00f3 kr\u00e9m leves, Szez\u00e1m magos csirke mell fil\u00e9 &#8211; majon\u00e9zes burgonya sal\u00e1ta\u00a0 <\/strong>.\u00a0<strong>1900 ft.\u00a0<\/strong><\/p>\n<p style=\"text-align: left\"><strong>\u00a0 \u00a0 \u00c1LLAND\u00d3 MEN\u00dcINK !\u00a0 \u00a0 Doboz + 200 ft.\u00a0 \u00a0 \u00a0 \u00a0 \u00a0 \u00a0 \u00a0 \u00a0 \u00a0<\/strong><strong>b .<\/strong> <strong>Csontleves, R\u00e1ntott Szelet &#8211; Has\u00e1b &#8211; Savany\u00fa . 2100 ft.\u00a0<\/strong><\/p>\n<p style=\"text-align: left\"><strong>c<\/strong> <strong>.<\/strong> <strong>Csontleves,<\/strong> <strong>R\u00e1ntott Sajt &#8211; Has\u00e1b &#8211; Tart\u00e1r . 2100 ft.\u00a0<\/strong><\/p>\n<p style=\"text-align: left\"><strong>d<\/strong> <strong>.<\/strong> <strong>Csontleves, R\u00e1ntott Camambert &#8211; Has\u00e1b &#8211; \u00c1fonya. 2100 ft.\u00a0<\/strong><\/p>\n<p style=\"text-align: left\"><strong>e<\/strong> <strong>.Csontleves, R\u00e1ntott Csirke mell fil\u00e9 &#8211; Has\u00e1b &#8211; Savany\u00fa. 2100 ft.\u00a0<\/strong><\/p>\n<p style=\"text-align: left\"><strong>f<\/strong> <strong>.<\/strong> <strong>Csontleves,<\/strong><strong> Gordon &#8211; Has\u00e1b vagy Rizs &#8211; Tart\u00e1r . 2200 ft.\u00a0<\/strong><\/p>\n<p style=\"text-align: left\"><strong>g . Gyros T\u00e1l &#8211;\u00a0 Kicsi 2400 ft &#8211; Nagy 2900 ft. Doboz +100 ft<\/strong><\/p>\n<p style=\"text-align: left\"><strong>\u00a0RENDEL\u00c9S :\u00a0 Tel : \u00a0+3692\/351738\u00a0 \u00a0 \u00a0 \u00a0 \u00a0 \u00a0 \u00a0 \u00a0 \u00a0 \u00a0 \u00a0 \u00a0 \u00a0 \u00a0 \u00a0 \u00a0 \u00a0 \u00a0 \u00a0KISZ\u00c1LL\u00cdT\u00c1S :\u00a0 \u00a0 \u00a0 \u00a0 \u00a0 \u00a0 \u00a0 \u00a0 \u00a0 \u00a0 \u00a0 \u00a0 \u00a0 \u00a0 \u00a0 \u00a0 \u00a0 \u00a0 \u00a0 \u00a0 \u00a0 \u00a0 \u00a0 \u00a0 \u00a0 \u00a0 \u00a0 \u00a0 \u00a0 \u00a0 \u00a0 H\u00e9tf\u0151t\u0151l &#8211; Cs\u00fct\u00f6rt\u00f6kig : 11 &#8211; t\u0151l &#8211; 15.30 &#8211; ig !\u00a0 \u00a0 \u00a0 \u00a0 \u00a0 \u00a0 \u00a0 \u00a0 \u00a0 \u00a0 \u00a0 \u00a0 \u00a0 \u00a0 P\u00e9nteken : 11 &#8211; t\u0151l &#8211; 19.30 &#8211; ig.\u00a0 \u00a0 \u00a0 \u00a0 \u00a0 \u00a0 \u00a0 \u00a0 \u00a0 \u00a0 \u00a0 \u00a0 \u00a0 \u00a0 \u00a0 \u00a0 \u00a0 SZOMBAT\u00a0 &#8211;\u00a0 VAS\u00c1RNAP\u00a0 :\u00a0 \u00a0Z\u00c1RVA !!!<\/strong><\/p>\n","protected":false},"excerpt":{"rendered":"<p>\u00a0 \u00a0M\u00e1jus 11 &#8211; t\u00f3l\u00a0 &#8212;\u00a0 M\u00e1jus 15\u00a0 &#8211; ig\u00a0 \u00a0 \u00a0 \u00a0 \u00a0 \u00a0 \u00a0 \u00a0 \u00a0 \u00a0 \u00a0 \u00a0 \u00a0 \u00a0 \u00a0RENDEL\u00c9S : Tel : \u00a0+3692\/351738\u00a0 \u00a0 \u00a0 \u00a0 \u00a0 \u00a0 \u00a0 \u00a0 \u00a0 \u00a0 \u00a0 \u00a0 \u00a0 \u00a0 \u00a0 \u00a0HELYBEN\u00a0FOGYASZT\u00c1S\u00a0 :\u00a0 \u00a0 \u00a0 \u00a0 \u00a0 \u00a0 \u00a0 \u00a0 \u00a0 \u00a0 \u00a0 \u00a0 &hellip; <a href=\"https:\/\/leonka.hu\/hetimenu\/dallas-etterem\/\" class=\"more-link\"><span class=\"screen-reader-text\">Dallas \u00c9tterem<\/span> r\u00e9szletei&#8230;<\/a><\/p>\n","protected":false},"author":2,"featured_media":0,"parent":0,"menu_order":0,"comment_status":"closed","ping_status":"closed","template":"","meta":{"footnotes":""},"class_list":["post-62","page","type-page","status-publish","hentry"],"_links":{"self":[{"href":"https:\/\/leonka.hu\/hetimenu\/wp-json\/wp\/v2\/pages\/62","targetHints":{"allow":["GET"]}}],"collection":[{"href":"https:\/\/leonka.hu\/hetimenu\/wp-json\/wp\/v2\/pages"}],"about":[{"href":"https:\/\/leonka.hu\/hetimenu\/wp-json\/wp\/v2\/types\/page"}],"author":[{"embeddable":true,"href":"https:\/\/leonka.hu\/hetimenu\/wp-json\/wp\/v2\/users\/2"}],"replies":[{"embeddable":true,"href":"https:\/\/leonka.hu\/hetimenu\/wp-json\/wp\/v2\/comments?post=62"}],"version-history":[{"count":1,"href":"https:\/\/leonka.hu\/hetimenu\/wp-json\/wp\/v2\/pages\/62\/revisions"}],"predecessor-version":[{"id":1603,"href":"https:\/\/leonka.hu\/hetimenu\/wp-json\/wp\/v2\/pages\/62\/revisions\/1603"}],"wp:attachment":[{"href":"https:\/\/leonka.hu\/hetimenu\/wp-json\/wp\/v2\/media?parent=62"}],"curies":[{"name":"wp","href":"https:\/\/api.w.org\/{rel}","templated":true}]}}