{"id":47,"date":"2015-11-29T01:20:18","date_gmt":"2015-11-29T01:20:18","guid":{"rendered":"http:\/\/leonka.hu\/hetimenu\/?page_id=47"},"modified":"2024-11-08T17:41:10","modified_gmt":"2024-11-08T17:41:10","slug":"hol-menuzzek-lentiben","status":"publish","type":"page","link":"https:\/\/leonka.hu\/hetimenu\/","title":{"rendered":"Hol men\u00fczzek Lentiben?"},"content":{"rendered":"<p>A k\u00f6nnyebb v\u00e1laszt\u00e1st el\u0151seg\u00edtend\u0151 j\u00f6tt l\u00e9tre ez a szekci\u00f3 a leonka.hu-n.<br \/>\nAz itt k\u00f6z\u00f6lt adatok az \u00e9ttermek hivatalos oldalair\u00f3l sz\u00e1rmaznak \u00e9s automatikusan friss\u00fclnek.<br \/>\nA felsorolt vend\u00e9gl\u00e1t\u00f3egys\u00e9gek neveire kattintva el\u00e9rhet\u0151 a heti men\u00fcv\u00e1laszt\u00e9kuk.<\/p>\n<ul>\n<li class=\"page_item page-item-62\"><a href=\"https:\/\/leonka.hu\/hetimenu\/dallas-etterem\/\">Dallas \u00c9tterem<\/a><\/li>\n<li class=\"page_item page-item-9\"><a href=\"https:\/\/leonka.hu\/hetimenu\/denis-hotel-es-etterem\/\">Denis Panzi\u00f3 \u00e9s \u00c9tterem<\/a><\/li>\n<li class=\"page_item page-item-21\"><a href=\"https:\/\/leonka.hu\/hetimenu\/don-quijote-kozepkori-etterem\/\">Don Quijote K\u00f6z\u00e9pkori \u00c9tterem<\/a><\/li>\n<li class=\"page_item page-item-19\"><a href=\"https:\/\/leonka.hu\/hetimenu\/favorit-fogado\/\">Favorit Fogad\u00f3<\/a><\/li>\n<li class=\"page_item page-item-2\"><a href=\"https:\/\/leonka.hu\/hetimenu\/fonix-fogado\/\">F\u0151nix Fogad\u00f3<\/a><\/li>\n<li class=\"page_item page-item-44\"><a href=\"https:\/\/leonka.hu\/hetimenu\/rozsakert-etterem\/\">R\u00f3zsakert \u00c9tterem<\/a><\/li>\n<li class=\"page_item page-item-40\"><a href=\"https:\/\/leonka.hu\/hetimenu\/salamon-etterem\/\">Salamon \u00c9tterem<\/a><\/li>\n<li class=\"page_item page-item-199\"><a href=\"https:\/\/leonka.hu\/hetimenu\/ven-diak-etterem\/\">V\u00e9n Di\u00e1k \u00c9tterem<\/a><\/li>\n<li class=\"page_item page-item-7\"><a href=\"https:\/\/leonka.hu\/hetimenu\/zeta-hotel-es-etterem\/\">Z\u00e9ta Hotel \u00e9s \u00c9tterem<\/a><\/li>\n<\/ul>\n<blockquote><p>Az oldal k\u00e9sz\u00fcltekor a hi\u00e1nyz\u00f3 \u00e9ttermeknek nem tal\u00e1ltam olyan online fel\u00fclet\u00e9t, ahol a heti men\u00fc k\u00edn\u00e1latuk egyszer\u0171en el\u00e9rhet\u0151ek lenn\u00e9nek. Amennyiben ig\u00e9nylik, a kimaradt vend\u00e9gl\u00e1t\u00f3helyeknek egy-egy k\u00fcl\u00f6n aloldalt biztos\u00edtok, melyre k\u00f6nnyed\u00e9n felt\u00f6lthetik heti k\u00edn\u00e1latukat.<br \/>\n\u00dcdv.:<br \/>\n<a href=\"https:\/\/www.facebook.com\/Lenti-Weboldalk%C3%A9sz%C3%ADt%C3%A9s-%C3%A9s-Online-Marketing-Tev%C3%A9kenys%C3%A9gek-464487307057184\/\" target=\"_blank\" rel=\"noopener noreferrer\">Lenti Weboldalk\u00e9sz\u00edt\u00e9s \u00e9s Online Marketing Tev\u00e9kenys\u00e9gek<\/a>\n<\/p><\/blockquote>\n","protected":false},"excerpt":{"rendered":"<p>A k\u00f6nnyebb v\u00e1laszt\u00e1st el\u0151seg\u00edtend\u0151 j\u00f6tt l\u00e9tre ez a szekci\u00f3 a leonka.hu-n. Az itt k\u00f6z\u00f6lt adatok az \u00e9ttermek hivatalos oldalair\u00f3l sz\u00e1rmaznak \u00e9s automatikusan friss\u00fclnek. A felsorolt vend\u00e9gl\u00e1t\u00f3egys\u00e9gek neveire kattintva el\u00e9rhet\u0151 a heti men\u00fcv\u00e1laszt\u00e9kuk. Dallas \u00c9tterem Denis Panzi\u00f3 \u00e9s \u00c9tterem Don Quijote K\u00f6z\u00e9pkori \u00c9tterem Favorit Fogad\u00f3 F\u0151nix Fogad\u00f3 R\u00f3zsakert \u00c9tterem Salamon \u00c9tterem V\u00e9n Di\u00e1k \u00c9tterem Z\u00e9ta Hotel &hellip; <a href=\"https:\/\/leonka.hu\/hetimenu\/\" class=\"more-link\"><span class=\"screen-reader-text\">Hol men\u00fczzek Lentiben?<\/span> r\u00e9szletei&#8230;<\/a><\/p>\n","protected":false},"author":1,"featured_media":58,"parent":0,"menu_order":0,"comment_status":"closed","ping_status":"closed","template":"","meta":{"footnotes":""},"class_list":["post-47","page","type-page","status-publish","has-post-thumbnail","hentry"],"_links":{"self":[{"href":"https:\/\/leonka.hu\/hetimenu\/wp-json\/wp\/v2\/pages\/47","targetHints":{"allow":["GET"]}}],"collection":[{"href":"https:\/\/leonka.hu\/hetimenu\/wp-json\/wp\/v2\/pages"}],"about":[{"href":"https:\/\/leonka.hu\/hetimenu\/wp-json\/wp\/v2\/types\/page"}],"author":[{"embeddable":true,"href":"https:\/\/leonka.hu\/hetimenu\/wp-json\/wp\/v2\/users\/1"}],"replies":[{"embeddable":true,"href":"https:\/\/leonka.hu\/hetimenu\/wp-json\/wp\/v2\/comments?post=47"}],"version-history":[{"count":6,"href":"https:\/\/leonka.hu\/hetimenu\/wp-json\/wp\/v2\/pages\/47\/revisions"}],"predecessor-version":[{"id":1330,"href":"https:\/\/leonka.hu\/hetimenu\/wp-json\/wp\/v2\/pages\/47\/revisions\/1330"}],"wp:featuredmedia":[{"embeddable":true,"href":"https:\/\/leonka.hu\/hetimenu\/wp-json\/wp\/v2\/media\/58"}],"wp:attachment":[{"href":"https:\/\/leonka.hu\/hetimenu\/wp-json\/wp\/v2\/media?parent=47"}],"curies":[{"name":"wp","href":"https:\/\/api.w.org\/{rel}","templated":true}]}}