{"id":44,"date":"2015-11-29T00:43:33","date_gmt":"2015-11-29T00:43:33","guid":{"rendered":"http:\/\/leonka.hu\/hetimenu\/?page_id=44"},"modified":"2025-03-30T20:04:29","modified_gmt":"2025-03-30T20:04:29","slug":"rozsakert-etterem","status":"publish","type":"page","link":"https:\/\/leonka.hu\/hetimenu\/rozsakert-etterem\/","title":{"rendered":"R\u00f3zsakert \u00c9tterem"},"content":{"rendered":"<p style=\"text-align: center\"><em><strong><span style=\"color: #ff0000\">Rendel\u00e9sfelv\u00e9tel: 06-30\/096-8180<\/span><\/strong><\/em><\/p>\n<p style=\"text-align: center\"><strong>2025. M\u00e1rcius 31 &#8211; \u00c1prilis 4<\/strong><br \/>\n<strong>Men\u00fc \u00e1ra: 2000,- Ft<\/strong><\/p>\n<p style=\"text-align: center\"><strong>Csomagol\u00e1s: 200 Ft<\/strong><\/p>\n<p style=\"text-align: center\"><strong><em><u>H\u00e9tf\u0151: <\/u><\/em><\/strong><\/p>\n<p style=\"text-align: center\">H\u00fasleves<\/p>\n<p style=\"text-align: center\">Csirkepaprik\u00e1s galusk\u00e1val<\/p>\n<p style=\"text-align: center\"><strong><em><u>Kedd:<\/u><\/em><\/strong><\/p>\n<p style=\"text-align: center\">Z\u00f6lds\u00e9ges gombaleves<\/p>\n<p style=\"text-align: center\">P\u00e1rizsi csirkemell rizzsel<\/p>\n<p style=\"text-align: center\"><strong><em><u>Szerda:<\/u><\/em><\/strong><\/p>\n<p style=\"text-align: center\">Babf\u0151zel\u00e9k felt\u00e9ttel<\/p>\n<p style=\"text-align: center\">Aranygaluska<\/p>\n<p style=\"text-align: center\"><strong><em><u>Cs\u00fct\u00f6rt\u00f6k:<\/u><\/em><\/strong><\/p>\n<p style=\"text-align: center\">Toj\u00e1sleves<\/p>\n<p style=\"text-align: center\">Rakott k\u00e1poszta<\/p>\n<p style=\"text-align: center\"><strong><em><u>P\u00e9ntek:<\/u><\/em><\/strong><\/p>\n<p style=\"text-align: center\">Rizsleves<\/p>\n<p style=\"text-align: center\">Kolb\u00e1sszal t\u00f6lt\u00f6tt sert\u00e9skaraj burgonyap\u00fcr\u00e9vel<\/p>\n<p>&nbsp;<\/p>\n<p style=\"text-align: center\"><em><strong>\u00c1lland\u00f3 men\u00fcaj\u00e1nlataink:<\/strong> <\/em><\/p>\n<p style=\"text-align: center\"><strong>&#8220;A&#8221; men\u00fc<\/strong><\/p>\n<p style=\"text-align: center\">M\u00e1jgomb\u00f3cleves<br \/>\nR\u00e1ntott sajt has\u00e1bburgony\u00e1val tart\u00e1rm\u00e1rt\u00e1ssal<\/p>\n<p style=\"text-align: center\">2100,-<\/p>\n<p style=\"text-align: center\"><strong>&#8220;B&#8221; men\u00fc<br \/>\n<\/strong><\/p>\n<p style=\"text-align: center\">Csontleves c\u00e9rnamet\u00e9lttel<br \/>\nM\u00e1trai csirkemell rizzsel<\/p>\n<p style=\"text-align: center\">2100,-<\/p>\n<p style=\"text-align: center\"><strong>&#8220;C&#8221; men\u00fc <\/strong><\/p>\n<p style=\"text-align: center\">Csontleves c\u00e9rnamet\u00e9lttel<br \/>\nMarhap\u00f6rk\u00f6lt galusk\u00e1val<\/p>\n<p style=\"text-align: center\">2200,-<\/p>\n<p style=\"text-align: center\"><strong>&#8220;D&#8221; men\u00fc <\/strong><\/p>\n<p style=\"text-align: center\">Fokhagymakr\u00e9mleves<br \/>\nCordon Bleu has\u00e1bburgony\u00e1val<\/p>\n<p style=\"text-align: center\">2200,-<\/p>\n","protected":false},"excerpt":{"rendered":"<p>Rendel\u00e9sfelv\u00e9tel: 06-30\/096-8180 2025. M\u00e1rcius 31 &#8211; \u00c1prilis 4 Men\u00fc \u00e1ra: 2000,- Ft Csomagol\u00e1s: 200 Ft H\u00e9tf\u0151: H\u00fasleves Csirkepaprik\u00e1s galusk\u00e1val Kedd: Z\u00f6lds\u00e9ges gombaleves P\u00e1rizsi csirkemell rizzsel Szerda: Babf\u0151zel\u00e9k felt\u00e9ttel Aranygaluska Cs\u00fct\u00f6rt\u00f6k: Toj\u00e1sleves Rakott k\u00e1poszta P\u00e9ntek: Rizsleves Kolb\u00e1sszal t\u00f6lt\u00f6tt sert\u00e9skaraj burgonyap\u00fcr\u00e9vel &nbsp; \u00c1lland\u00f3 men\u00fcaj\u00e1nlataink: &#8220;A&#8221; men\u00fc M\u00e1jgomb\u00f3cleves R\u00e1ntott sajt has\u00e1bburgony\u00e1val tart\u00e1rm\u00e1rt\u00e1ssal 2100,- &#8220;B&#8221; men\u00fc Csontleves c\u00e9rnamet\u00e9lttel M\u00e1trai &hellip; <a href=\"https:\/\/leonka.hu\/hetimenu\/rozsakert-etterem\/\" class=\"more-link\"><span class=\"screen-reader-text\">R\u00f3zsakert \u00c9tterem<\/span> r\u00e9szletei&#8230;<\/a><\/p>\n","protected":false},"author":4,"featured_media":0,"parent":0,"menu_order":0,"comment_status":"closed","ping_status":"closed","template":"","meta":{"footnotes":""},"class_list":["post-44","page","type-page","status-publish","hentry"],"_links":{"self":[{"href":"https:\/\/leonka.hu\/hetimenu\/wp-json\/wp\/v2\/pages\/44","targetHints":{"allow":["GET"]}}],"collection":[{"href":"https:\/\/leonka.hu\/hetimenu\/wp-json\/wp\/v2\/pages"}],"about":[{"href":"https:\/\/leonka.hu\/hetimenu\/wp-json\/wp\/v2\/types\/page"}],"author":[{"embeddable":true,"href":"https:\/\/leonka.hu\/hetimenu\/wp-json\/wp\/v2\/users\/4"}],"replies":[{"embeddable":true,"href":"https:\/\/leonka.hu\/hetimenu\/wp-json\/wp\/v2\/comments?post=44"}],"version-history":[{"count":1,"href":"https:\/\/leonka.hu\/hetimenu\/wp-json\/wp\/v2\/pages\/44\/revisions"}],"predecessor-version":[{"id":1602,"href":"https:\/\/leonka.hu\/hetimenu\/wp-json\/wp\/v2\/pages\/44\/revisions\/1602"}],"wp:attachment":[{"href":"https:\/\/leonka.hu\/hetimenu\/wp-json\/wp\/v2\/media?parent=44"}],"curies":[{"name":"wp","href":"https:\/\/api.w.org\/{rel}","templated":true}]}}