{"id":40,"date":"2015-11-29T00:40:44","date_gmt":"2015-11-29T00:40:44","guid":{"rendered":"http:\/\/leonka.hu\/hetimenu\/?page_id=40"},"modified":"2020-09-11T23:08:44","modified_gmt":"2020-09-11T23:08:44","slug":"salamon-etterem","status":"publish","type":"page","link":"https:\/\/leonka.hu\/hetimenu\/salamon-etterem\/","title":{"rendered":"Salamon \u00c9tterem"},"content":{"rendered":"<div class=\"fb-page\" data-href=\"https:\/\/www.facebook.com\/Salamon-S%C3%B6r%C3%B6z%C5%91-172878096392076\/\" data-tabs=\"timeline\" data-width=\"500\" data-height=\"2000\" data-small-header=\"true\" data-adapt-container-width=\"true\" data-hide-cover=\"true\" data-show-facepile=\"false\">\n<blockquote cite=\"https:\/\/www.facebook.com\/Salamon-S%C3%B6r%C3%B6z%C5%91-172878096392076\/\" class=\"fb-xfbml-parse-ignore\"><p><a href=\"https:\/\/www.facebook.com\/Salamon-S%C3%B6r%C3%B6z%C5%91-172878096392076\/\">Salamon S\u00f6r\u00f6z\u0151<\/a><\/p><\/blockquote>\n<\/div>\n","protected":false},"excerpt":{"rendered":"<p>Salamon S\u00f6r\u00f6z\u0151<\/p>\n","protected":false},"author":3,"featured_media":0,"parent":0,"menu_order":0,"comment_status":"closed","ping_status":"closed","template":"","meta":{"footnotes":""},"class_list":["post-40","page","type-page","status-publish","hentry"],"_links":{"self":[{"href":"https:\/\/leonka.hu\/hetimenu\/wp-json\/wp\/v2\/pages\/40","targetHints":{"allow":["GET"]}}],"collection":[{"href":"https:\/\/leonka.hu\/hetimenu\/wp-json\/wp\/v2\/pages"}],"about":[{"href":"https:\/\/leonka.hu\/hetimenu\/wp-json\/wp\/v2\/types\/page"}],"author":[{"embeddable":true,"href":"https:\/\/leonka.hu\/hetimenu\/wp-json\/wp\/v2\/users\/3"}],"replies":[{"embeddable":true,"href":"https:\/\/leonka.hu\/hetimenu\/wp-json\/wp\/v2\/comments?post=40"}],"version-history":[{"count":3,"href":"https:\/\/leonka.hu\/hetimenu\/wp-json\/wp\/v2\/pages\/40\/revisions"}],"predecessor-version":[{"id":887,"href":"https:\/\/leonka.hu\/hetimenu\/wp-json\/wp\/v2\/pages\/40\/revisions\/887"}],"wp:attachment":[{"href":"https:\/\/leonka.hu\/hetimenu\/wp-json\/wp\/v2\/media?parent=40"}],"curies":[{"name":"wp","href":"https:\/\/api.w.org\/{rel}","templated":true}]}}