{"id":21,"date":"2015-11-28T22:11:48","date_gmt":"2015-11-28T22:11:48","guid":{"rendered":"http:\/\/leonka.hu\/hetimenu\/?page_id=21"},"modified":"2025-03-24T12:52:09","modified_gmt":"2025-03-24T12:52:09","slug":"don-quijote-kozepkori-etterem","status":"publish","type":"page","link":"https:\/\/leonka.hu\/hetimenu\/don-quijote-kozepkori-etterem\/","title":{"rendered":"Don Quijote K\u00f6z\u00e9pkori \u00c9tterem"},"content":{"rendered":"\n<!--\n Start of web scrap (created by wp-web-scraper)\n Source URL: https:\/\/www.donquijote-lenti.hu\/aktualis-heti-menu\/\n Query: .blog-post_content img (cssselector)\n Other options: Array\n(\n    [headers] => \n    [cache] => 10\n    [useragent] => Men\u00fc (https:\/\/leonka.hu\/hetimenu)\n    [timeout] => 6\n    [on_error] => error_show\n    [output] => html\n    [glue] => \n\n    [eq] => \n    [gt] => \n    [lt] => \n    [query_type] => cssselector\n    [remove_query] => \n    [remove_query_type] => cssselector\n    [replace_query] => \n    [replace_query_type] => cssselector\n    [replace_with] => \n    [basehref] => 1\n    [a_target] => \n    [callback_raw] => \n    [callback] => \n    [debug] => 1\n    [charset] => UTF-8\n    [url] => https:\/\/www.donquijote-lenti.hu\/aktualis-heti-menu\/\n    [query] => .blog-post_content img\n    [urldecode] => 1\n    [querydecode] => 0\n)\n-->\n<img fetchpriority=\"high\" decoding=\"async\" class=\"alignnone size-full wp-image-7572\" src=\"https:\/\/www.donquijote-lenti.hu\/wp-content\/uploads\/2024\/04\/DON-QUIJOTE-MENU-poszt-masolata-30-2.png\" alt=\"\" width=\"1080\" height=\"1350\" srcset=\"https:\/\/www.donquijote-lenti.hu\/wp-content\/uploads\/2024\/04\/DON-QUIJOTE-MENU-poszt-masolata-30-2.png 1080w, https:\/\/www.donquijote-lenti.hu\/wp-content\/uploads\/2024\/04\/DON-QUIJOTE-MENU-poszt-masolata-30-2-240x300.png 240w, https:\/\/www.donquijote-lenti.hu\/wp-content\/uploads\/2024\/04\/DON-QUIJOTE-MENU-poszt-masolata-30-2-819x1024.png 819w, https:\/\/www.donquijote-lenti.hu\/wp-content\/uploads\/2024\/04\/DON-QUIJOTE-MENU-poszt-masolata-30-2-768x960.png 768w\" sizes=\"(max-width: 1080px) 100vw, 1080px\">\n<!--\n End of web scrap\n WPWS Cache Control: Cache-hit Transients API\n Computing time: 0.0089 seconds\n-->\n\n","protected":false},"excerpt":{"rendered":"","protected":false},"author":5,"featured_media":0,"parent":0,"menu_order":0,"comment_status":"closed","ping_status":"closed","template":"","meta":{"footnotes":""},"class_list":["post-21","page","type-page","status-publish","hentry"],"_links":{"self":[{"href":"https:\/\/leonka.hu\/hetimenu\/wp-json\/wp\/v2\/pages\/21","targetHints":{"allow":["GET"]}}],"collection":[{"href":"https:\/\/leonka.hu\/hetimenu\/wp-json\/wp\/v2\/pages"}],"about":[{"href":"https:\/\/leonka.hu\/hetimenu\/wp-json\/wp\/v2\/types\/page"}],"author":[{"embeddable":true,"href":"https:\/\/leonka.hu\/hetimenu\/wp-json\/wp\/v2\/users\/5"}],"replies":[{"embeddable":true,"href":"https:\/\/leonka.hu\/hetimenu\/wp-json\/wp\/v2\/comments?post=21"}],"version-history":[{"count":14,"href":"https:\/\/leonka.hu\/hetimenu\/wp-json\/wp\/v2\/pages\/21\/revisions"}],"predecessor-version":[{"id":975,"href":"https:\/\/leonka.hu\/hetimenu\/wp-json\/wp\/v2\/pages\/21\/revisions\/975"}],"wp:attachment":[{"href":"https:\/\/leonka.hu\/hetimenu\/wp-json\/wp\/v2\/media?parent=21"}],"curies":[{"name":"wp","href":"https:\/\/api.w.org\/{rel}","templated":true}]}}