{"id":2,"date":"2015-11-28T17:45:27","date_gmt":"2015-11-28T17:45:27","guid":{"rendered":"http:\/\/leonka.hu\/hetimenu\/?page_id=2"},"modified":"2019-11-06T08:39:54","modified_gmt":"2019-11-06T08:39:54","slug":"fonix-fogado","status":"publish","type":"page","link":"https:\/\/leonka.hu\/hetimenu\/fonix-fogado\/","title":{"rendered":"F\u0151nix Fogad\u00f3"},"content":{"rendered":"\n<!--\n Start of web scrap (created by wp-web-scraper)\n Source URL: http:\/\/fonixfogado.hu\/heti-menu\/\n Query: .entry-content (cssselector)\n Other options: Array\n(\n    [headers] => \n    [cache] => 10\n    [useragent] => Men\u00fc (https:\/\/leonka.hu\/hetimenu)\n    [timeout] => 6\n    [on_error] => error_show\n    [output] => html\n    [glue] => \n\n    [eq] => \n    [gt] => \n    [lt] => \n    [query_type] => cssselector\n    [remove_query] => .the_champ_sharing_container\n    [remove_query_type] => cssselector\n    [replace_query] => \n    [replace_query_type] => cssselector\n    [replace_with] => \n    [basehref] => 1\n    [a_target] => \n    [callback_raw] => \n    [callback] => \n    [debug] => 1\n    [charset] => UTF-8\n    [url] => http:\/\/fonixfogado.hu\/heti-menu\/\n    [query] => .entry-content\n    [urldecode] => 1\n    [querydecode] => 0\n)\n-->\n<div class=\"entry-content\">\r\n          <h3>05.11.H\u00e9tf\u0151:<\/h3>\n<p>Paradicsomos k\u00e1poszta<\/p>\n<p>Kukoricam\u00e1l\u00e9 gy\u00fcm\u00f6lcs\u00f6ntet<\/p>\n<p>2100 Ft<\/p>\n<p>Kolb\u00e1szos gy\u00f6ngybab leves<\/p>\n<p>Csirkecombfil\u00e9 orly t\u00e9szt\u00e1ban sajt-m\u00e1rt\u00e1s krokett<\/p>\n<p>2100Ft<\/p>\n<h3>05.12.Kedd:<\/h3>\n<p>Sajtburgerleves<\/p>\n<p>Hagym\u00e1s csirkem\u00e1j burgonya p\u00fcr\u00e9 savany\u00fa<\/p>\n<p>2100Ft<\/p>\n<p>Sajtburgerleves<\/p>\n<p>B\u0151r\u00f6s s\u00fcld\u0151, vele s\u00fclt burgonya p\u00e1rolt k\u00e1poszta<\/p>\n<p>2100 Ft<\/p>\n<h3>05.13.Szerda:<\/h3>\n<p>H\u00fasos r\u00e9pa<\/p>\n<p>Rakott palacsinta puncs m\u00e1rt\u00e1s<\/p>\n<p>2100 Ft<\/p>\n<p>Csilis babos kukorica leves<\/p>\n<p>Cs\u00fcl\u00f6kp\u00f6rk\u00f6lt tarhonya c\u00e9kla<\/p>\n<p>2100 Ft<\/p>\n<h3>05.14. Cs\u00fct\u00f6rt\u00f6k:<\/h3>\n<p>Babos k\u00e1poszta<\/p>\n<p>T\u00far\u00f3s csusza<\/p>\n<p>2100Ft<\/p>\n<p>Francia toj\u00e1sleves<\/p>\n<p>T\u00f6lt\u00f6tt dagad\u00f3 lecs\u00f3s rizs savany\u00fa<\/p>\n<p>2100Ft<\/p>\n<h3>05.15.P\u00e9ntek:<\/h3>\n<p>Vegyes cs\u00fcm\u00f6lcsleves<\/p>\n<p>R\u00e1ntott karfiol virslisal\u00e1ta<\/p>\n<p>2100Ft<\/p>\n<p>Tavaszi s\u00f3skaleves<\/p>\n<p>Lasagne<\/p>\n<p>2100 Ft<\/p>\n<h3>05.16.Szombat:<\/h3>\n<p>G\u00f6r\u00f6g serpeny\u0151s karaj vele s\u00fclt burgonya<\/p>\n<p>2300Ft<\/p>\n<div style=\"clear:both\"><\/div><div style=\"clear:both\"><\/div>        <\/div>\n<!--\n End of web scrap\n WPWS Cache Control: Cache-hit Transients API\n Computing time: 0.0089 seconds\n-->\n\n","protected":false},"excerpt":{"rendered":"","protected":false},"author":1,"featured_media":0,"parent":0,"menu_order":0,"comment_status":"closed","ping_status":"open","template":"","meta":{"footnotes":""},"class_list":["post-2","page","type-page","status-publish","hentry"],"_links":{"self":[{"href":"https:\/\/leonka.hu\/hetimenu\/wp-json\/wp\/v2\/pages\/2","targetHints":{"allow":["GET"]}}],"collection":[{"href":"https:\/\/leonka.hu\/hetimenu\/wp-json\/wp\/v2\/pages"}],"about":[{"href":"https:\/\/leonka.hu\/hetimenu\/wp-json\/wp\/v2\/types\/page"}],"author":[{"embeddable":true,"href":"https:\/\/leonka.hu\/hetimenu\/wp-json\/wp\/v2\/users\/1"}],"replies":[{"embeddable":true,"href":"https:\/\/leonka.hu\/hetimenu\/wp-json\/wp\/v2\/comments?post=2"}],"version-history":[{"count":8,"href":"https:\/\/leonka.hu\/hetimenu\/wp-json\/wp\/v2\/pages\/2\/revisions"}],"predecessor-version":[{"id":662,"href":"https:\/\/leonka.hu\/hetimenu\/wp-json\/wp\/v2\/pages\/2\/revisions\/662"}],"wp:attachment":[{"href":"https:\/\/leonka.hu\/hetimenu\/wp-json\/wp\/v2\/media?parent=2"}],"curies":[{"name":"wp","href":"https:\/\/api.w.org\/{rel}","templated":true}]}}