{"id":199,"date":"2016-07-04T10:55:11","date_gmt":"2016-07-04T10:55:11","guid":{"rendered":"http:\/\/leonka.hu\/hetimenu\/?page_id=199"},"modified":"2019-11-06T08:29:16","modified_gmt":"2019-11-06T08:29:16","slug":"ven-diak-etterem","status":"publish","type":"page","link":"https:\/\/leonka.hu\/hetimenu\/ven-diak-etterem\/","title":{"rendered":"V\u00e9n Di\u00e1k \u00c9tterem"},"content":{"rendered":"<p>&nbsp;<\/p>\n<p>Aktu\u00e1lis heti men\u00fcaj\u00e1nlat <a href=\"http:\/\/vendiak-lenti.hu\/feltolt\/menu.pdf\" target=\"_blank\" rel=\"noopener\">megtekint\u00e9se\/let\u00f6lt\u00e9se (PDF)<\/a>.<\/p>\n\n<iframe src=\"\/\/docs.google.com\/viewer?url=http%3A%2F%2Fvendiak-lenti.hu%2Ffeltolt%2Fmenu.pdf&hl=hu&embedded=true\" class=\"gde-frame\" style=\"width:100%; height:500px; border: none;\" scrolling=\"no\"><\/iframe>\n","protected":false},"excerpt":{"rendered":"<p>&nbsp; Aktu\u00e1lis heti men\u00fcaj\u00e1nlat megtekint\u00e9se\/let\u00f6lt\u00e9se (PDF).<\/p>\n","protected":false},"author":1,"featured_media":0,"parent":0,"menu_order":0,"comment_status":"closed","ping_status":"closed","template":"","meta":{"footnotes":""},"class_list":["post-199","page","type-page","status-publish","hentry"],"_links":{"self":[{"href":"https:\/\/leonka.hu\/hetimenu\/wp-json\/wp\/v2\/pages\/199","targetHints":{"allow":["GET"]}}],"collection":[{"href":"https:\/\/leonka.hu\/hetimenu\/wp-json\/wp\/v2\/pages"}],"about":[{"href":"https:\/\/leonka.hu\/hetimenu\/wp-json\/wp\/v2\/types\/page"}],"author":[{"embeddable":true,"href":"https:\/\/leonka.hu\/hetimenu\/wp-json\/wp\/v2\/users\/1"}],"replies":[{"embeddable":true,"href":"https:\/\/leonka.hu\/hetimenu\/wp-json\/wp\/v2\/comments?post=199"}],"version-history":[{"count":5,"href":"https:\/\/leonka.hu\/hetimenu\/wp-json\/wp\/v2\/pages\/199\/revisions"}],"predecessor-version":[{"id":668,"href":"https:\/\/leonka.hu\/hetimenu\/wp-json\/wp\/v2\/pages\/199\/revisions\/668"}],"wp:attachment":[{"href":"https:\/\/leonka.hu\/hetimenu\/wp-json\/wp\/v2\/media?parent=199"}],"curies":[{"name":"wp","href":"https:\/\/api.w.org\/{rel}","templated":true}]}}